{"id":586,"date":"2023-04-16T23:19:01","date_gmt":"2023-04-16T23:19:01","guid":{"rendered":"https:\/\/www.demo500.site\/?page_id=586"},"modified":"2024-10-06T00:21:22","modified_gmt":"2024-10-06T00:21:22","slug":"hakkimizda","status":"publish","type":"page","link":"https:\/\/www.serelya.com\/en\/hakkimizda\/","title":{"rendered":"About Us"},"content":{"rendered":"<div data-elementor-type=\"wp-page\" data-elementor-id=\"586\" class=\"elementor elementor-586\" data-elementor-post-type=\"page\">\n\t\t\t\t\t\t<section class=\"elementor-section elementor-top-section elementor-element elementor-element-28c40468 elementor-section-height-min-height elementor-section-boxed elementor-section-height-default elementor-section-items-middle\" data-id=\"28c40468\" data-element_type=\"section\" data-settings=\"{&quot;background_background&quot;:&quot;classic&quot;}\">\n\t\t\t\t\t\t\t<div class=\"elementor-background-overlay\"><\/div>\n\t\t\t\t\t\t\t<div class=\"elementor-container elementor-column-gap-default\">\n\t\t\t\t\t<div class=\"elementor-column elementor-col-100 elementor-top-column elementor-element elementor-element-5d044686\" data-id=\"5d044686\" data-element_type=\"column\">\n\t\t\t<div class=\"elementor-widget-wrap elementor-element-populated\">\n\t\t\t\t\t\t<div class=\"elementor-element elementor-element-5134fad6 jet-breadcrumbs-align-left jet-breadcrumbs-page-title-yes elementor-widget elementor-widget-jet-breadcrumbs\" data-id=\"5134fad6\" data-element_type=\"widget\" data-widget_type=\"jet-breadcrumbs.default\">\n\t\t\t\t<div class=\"elementor-widget-container\">\n\t\t\t\t\t<div class=\"elementor-jet-breadcrumbs jet-blocks\">\n\t\t<div class=\"jet-breadcrumbs\">\n\t\t<div class=\"jet-breadcrumbs__content\">\n\t\t<div class=\"jet-breadcrumbs__wrap\"><div class=\"jet-breadcrumbs__item\"><a href=\"https:\/\/www.serelya.com\/en\/\" class=\"jet-breadcrumbs__item-link is-home\" rel=\"home\" title=\"Home\">Home<\/a><\/div>\n\t\t<\/div>\n\t\t<\/div>\n\t\t<\/div><\/div>\t\t\t\t<\/div>\n\t\t\t\t<\/div>\n\t\t\t\t\t<\/div>\n\t\t<\/div>\n\t\t\t\t\t<\/div>\n\t\t<\/section>\n\t\t\t\t<section class=\"elementor-section elementor-top-section elementor-element elementor-element-2048be4 elementor-section-boxed elementor-section-height-default elementor-section-height-default\" data-id=\"2048be4\" data-element_type=\"section\" data-settings=\"{&quot;background_background&quot;:&quot;classic&quot;}\">\n\t\t\t\t\t\t<div class=\"elementor-container elementor-column-gap-default\">\n\t\t\t\t\t<div class=\"elementor-column elementor-col-50 elementor-top-column elementor-element elementor-element-fc76c41\" data-id=\"fc76c41\" data-element_type=\"column\">\n\t\t\t<div class=\"elementor-widget-wrap elementor-element-populated\">\n\t\t\t\t\t\t<section class=\"elementor-section elementor-inner-section elementor-element elementor-element-518d451 elementor-section-boxed elementor-section-height-default elementor-section-height-default\" data-id=\"518d451\" data-element_type=\"section\">\n\t\t\t\t\t\t<div class=\"elementor-container elementor-column-gap-default\">\n\t\t\t\t\t<div class=\"elementor-column elementor-col-100 elementor-inner-column elementor-element elementor-element-bd0ac82\" data-id=\"bd0ac82\" data-element_type=\"column\">\n\t\t\t<div class=\"elementor-widget-wrap elementor-element-populated\">\n\t\t\t\t\t\t<div class=\"elementor-element elementor-element-5467397 elementor-widget elementor-widget-image\" data-id=\"5467397\" data-element_type=\"widget\" data-widget_type=\"image.default\">\n\t\t\t\t<div class=\"elementor-widget-container\">\n\t\t\t\t\t\t\t\t\t\t\t\t\t\t\t<img fetchpriority=\"high\" decoding=\"async\" width=\"1200\" height=\"800\" src=\"https:\/\/www.serelya.com\/wp-content\/uploads\/2024\/10\/hakkimizda.jpg\" class=\"attachment-full size-full wp-image-1054\" alt=\"\" srcset=\"https:\/\/www.serelya.com\/wp-content\/uploads\/2024\/10\/hakkimizda.jpg 1200w, https:\/\/www.serelya.com\/wp-content\/uploads\/2024\/10\/hakkimizda-300x200.jpg 300w, https:\/\/www.serelya.com\/wp-content\/uploads\/2024\/10\/hakkimizda-1024x683.jpg 1024w, https:\/\/www.serelya.com\/wp-content\/uploads\/2024\/10\/hakkimizda-768x512.jpg 768w\" sizes=\"(max-width: 1200px) 100vw, 1200px\" \/>\t\t\t\t\t\t\t\t\t\t\t\t\t\t\t<\/div>\n\t\t\t\t<\/div>\n\t\t\t\t\t<\/div>\n\t\t<\/div>\n\t\t\t\t\t<\/div>\n\t\t<\/section>\n\t\t\t\t\t<\/div>\n\t\t<\/div>\n\t\t\t\t<div class=\"elementor-column elementor-col-50 elementor-top-column elementor-element elementor-element-08fc43c\" data-id=\"08fc43c\" data-element_type=\"column\">\n\t\t\t<div class=\"elementor-widget-wrap elementor-element-populated\">\n\t\t\t\t\t\t<section class=\"elementor-section elementor-inner-section elementor-element elementor-element-bb6ea7c elementor-section-boxed elementor-section-height-default elementor-section-height-default\" data-id=\"bb6ea7c\" data-element_type=\"section\">\n\t\t\t\t\t\t<div class=\"elementor-container elementor-column-gap-default\">\n\t\t\t\t\t<div class=\"elementor-column elementor-col-100 elementor-inner-column elementor-element elementor-element-d24fa6c\" data-id=\"d24fa6c\" data-element_type=\"column\">\n\t\t\t<div class=\"elementor-widget-wrap elementor-element-populated\">\n\t\t\t\t\t\t<div class=\"elementor-element elementor-element-d71e837 elementor-widget elementor-widget-heading\" data-id=\"d71e837\" data-element_type=\"widget\" data-widget_type=\"heading.default\">\n\t\t\t\t<div class=\"elementor-widget-container\">\n\t\t\t\t\t<h2 class=\"elementor-heading-title elementor-size-default\">Who is Serelya Textile?<\/h2>\t\t\t\t<\/div>\n\t\t\t\t<\/div>\n\t\t\t\t<div class=\"elementor-element elementor-element-0f9b521 elementor-widget elementor-widget-text-editor\" data-id=\"0f9b521\" data-element_type=\"widget\" data-widget_type=\"text-editor.default\">\n\t\t\t\t<div class=\"elementor-widget-container\">\n\t\t\t\t\t\t\t\t\t<p>Founded in 2021 in Denizli, Turkey, Serelya Tekstil has managed to become a reliable and quality brand in the textile industry in a short time. We always prioritize customer satisfaction by targeting high standards in our production. We bring comfort and aesthetics together for hotels, restaurants and homes with our carefully designed and manufactured textile products.<\/p><p>As Serelya Textile, our wide range of products includes bathrobes, towels, kitchen textiles, loincloths, tablecloths and bedspreads. Our products, which we prepare with modern and traditional patterns, emphasize both elegance and durability. We export our products not only to Turkey but also to all corners of the world and have gained a solid place for ourselves in the global market.<\/p><p>As Serelya Textile family, we are committed to quality and excellence and always strive to provide the best service to our customers.<\/p>\t\t\t\t\t\t\t\t<\/div>\n\t\t\t\t<\/div>\n\t\t\t\t\t<\/div>\n\t\t<\/div>\n\t\t\t\t\t<\/div>\n\t\t<\/section>\n\t\t\t\t\t<\/div>\n\t\t<\/div>\n\t\t\t\t\t<\/div>\n\t\t<\/section>\n\t\t\t\t<\/div>","protected":false},"excerpt":{"rendered":"<p>Home Who is Serelya Textile ? 2021 y\u0131l\u0131nda Denizli, T\u00fcrkiye\u2019de kurulan Serelya Tekstil, k\u0131sa s\u00fcrede tekstil sekt\u00f6r\u00fcnde g\u00fcvenilir ve kaliteli bir marka olmay\u0131 ba\u015farm\u0131\u015ft\u0131r. \u00dcretimimizde y\u00fcksek standartlar\u0131 hedefleyerek, m\u00fc\u015fteri memnuniyetini her zaman \u00f6n planda tutuyoruz. \u00d6zenle tasarlanm\u0131\u015f ve \u00fcretilmi\u015f tekstil \u00fcr\u00fcnlerimizle oteller, restoranlar ve evler i\u00e7in konfor ve esteti\u011fi bir araya getiriyoruz. Serelya Tekstil olarak, [&hellip;]<\/p>","protected":false},"author":1,"featured_media":0,"parent":0,"menu_order":0,"comment_status":"closed","ping_status":"closed","template":"","meta":{"_acf_changed":false,"footnotes":""},"class_list":["post-586","page","type-page","status-publish","hentry"],"acf":[],"_links":{"self":[{"href":"https:\/\/www.serelya.com\/en\/wp-json\/wp\/v2\/pages\/586","targetHints":{"allow":["GET"]}}],"collection":[{"href":"https:\/\/www.serelya.com\/en\/wp-json\/wp\/v2\/pages"}],"about":[{"href":"https:\/\/www.serelya.com\/en\/wp-json\/wp\/v2\/types\/page"}],"author":[{"embeddable":true,"href":"https:\/\/www.serelya.com\/en\/wp-json\/wp\/v2\/users\/1"}],"replies":[{"embeddable":true,"href":"https:\/\/www.serelya.com\/en\/wp-json\/wp\/v2\/comments?post=586"}],"version-history":[{"count":20,"href":"https:\/\/www.serelya.com\/en\/wp-json\/wp\/v2\/pages\/586\/revisions"}],"predecessor-version":[{"id":1061,"href":"https:\/\/www.serelya.com\/en\/wp-json\/wp\/v2\/pages\/586\/revisions\/1061"}],"wp:attachment":[{"href":"https:\/\/www.serelya.com\/en\/wp-json\/wp\/v2\/media?parent=586"}],"curies":[{"name":"wp","href":"https:\/\/api.w.org\/{rel}","templated":true}]}}